{"id":103,"date":"2025-10-11T03:50:32","date_gmt":"2025-10-11T03:50:32","guid":{"rendered":"https:\/\/quynhnhu.vanphonggroup.com\/?page_id=103"},"modified":"2025-10-17T06:43:35","modified_gmt":"2025-10-16T23:43:35","slug":"trang-suc-bac-an-nhien","status":"publish","type":"page","link":"https:\/\/quynhnhu.vanphonggroup.com\/index.php\/trang-suc-bac-an-nhien\/","title":{"rendered":"TRANG S\u1ee8C B\u1ea0C AN NHI\u00caN"},"content":{"rendered":"\t\t<div data-elementor-type=\"wp-page\" data-elementor-id=\"103\" class=\"elementor elementor-103\">\n\t\t\t\t<div class=\"elementor-element elementor-element-162a0a5 e-con-full e-flex e-con e-parent\" data-id=\"162a0a5\" data-element_type=\"container\" data-settings=\"{&quot;shape_divider_top&quot;:&quot;drops&quot;}\">\n\t\t\t\t<div class=\"elementor-shape elementor-shape-top\" aria-hidden=\"true\" data-negative=\"false\">\n\t\t\t<svg xmlns=\"http:\/\/www.w3.org\/2000\/svg\" height=\"100%\" viewBox=\"0 0 283.5 27.8\" preserveAspectRatio=\"xMidYMax slice\">\n\t<path class=\"elementor-shape-fill\" d=\"M0 0v1.4c.6.7 1.1 1.4 1.4 2 2 3.8 2.2 6.6 1.8 10.8-.3 3.3-2.4 9.4 0 12.3 1.7 2 3.7 1.4 4.6-.9 1.4-3.8-.7-8.2-.6-12 .1-3.7 3.2-5.5 6.9-4.9 4 .6 4.8 4 4.9 7.4.1 1.8-1.1 7 0 8.5.6.8 1.6 1.2 2.4.5 1.4-1.1.1-5.4.1-6.9.1-3.7.3-8.6 4.1-10.5 5-2.5 6.2 1.6 5.4 5.6-.4 1.7-1 9.2 2.9 6.3 1.5-1.1.7-3.5.5-4.9-.4-2.4-.4-4.3 1-6.5.9-1.4 2.4-3.1 4.2-3 2.4.1 2.7 2.2 4 3.7 1.5 1.8 1.8 2.2 3 .1 1.1-1.9 1.2-2.8 3.6-3.3 1.3-.3 4.8-1.4 5.9-.5 1.5 1.1.6 2.8.4 4.3-.2 1.1-.6 4 1.8 3.4 1.7-.4-.3-4.1.6-5.6 1.3-2.2 5.8-1.4 7 .5 1.3 2.1.5 5.8.1 8.1s-1.2 5-.6 7.4c1.3 5.1 4.4.9 4.3-2.4-.1-4.4-2-8.8-.5-13 .9-2.4 4.6-6.6 7.7-4.5 2.7 1.8.5 7.8.2 10.3-.2 1.7-.8 4.6.2 6.2.9 1.4 2 1.5 2.6-.3.5-1.5-.9-4.5-1-6.1-.2-1.7-.4-3.7.2-5.4 1.8-5.6 3.5 2.4 6.3.6 1.4-.9 4.3-9.4 6.1-3.1.6 2.2-1.3 7.8.7 8.9 4.2 2.3 1.5-7.1 2.2-8 3.1-4 4.7 3.8 6.1 4.1 3.1.7 2.8-7.9 8.1-4.5 1.7 1.1 2.9 3.3 3.2 5.2.4 2.2-1 4.5-.6 6.6 1 4.3 4.4 1.5 4.4-1.7 0-2.7-3-8.3 1.4-9.1 4.4-.9 7.3 3.5 7.8 6.9.3 2-1.5 10.9 1.3 11.3 4.1.6-3.2-15.7 4.8-15.8 4.7-.1 2.8 4.1 3.9 6.6 1 2.4 2.1 1 2.3-.8.3-1.9-.9-3.2 1.3-4.3 5.9-2.9 5.9 5.4 5.5 8.5-.3 2-1.7 8.4 2 8.1 6.9-.5-2.8-16.9 4.8-18.7 4.7-1.2 6.1 3.6 6.3 7.1.1 1.7-1.2 8.1.6 9.1 3.5 2 1.9-7 2-8.4.2-4 1.2-9.6 6.4-9.8 4.7-.2 3.2 4.6 2.7 7.5-.4 2.2 1.3 8.6 3.8 4.4 1.1-1.9-.3-4.1-.3-6 0-1.7.4-3.2 1.3-4.6 1-1.6 2.9-3.5 5.1-2.9 2.5.6 2.3 4.1 4.1 4.9 1.9.8 1.6-.9 2.3-2.1 1.2-2.1 2.1-2.1 4.4-2.4 1.4-.2 3.6-1.5 4.9-.5 2.3 1.7-.7 4.4.1 6.5.6 1.5 2.1 1.7 2.8.3.7-1.4-1.1-3.4-.3-4.8 1.4-2.5 6.2-1.2 7.2 1 2.3 4.8-3.3 12-.2 16.3 3 4.1 3.9-2.8 3.8-4.8-.4-4.3-2.1-8.9 0-13.1 1.3-2.5 5.9-5.7 7.9-2.4 2 3.2-1.3 9.8-.8 13.4.5 4.4 3.5 3.3 2.7-.8-.4-1.9-2.4-10 .6-11.1 3.7-1.4 2.8 7.2 6.5.4 2.2-4.1 4.9-3.1 5.2 1.2.1 1.5-.6 3.1-.4 4.6.2 1.9 1.8 3.7 3.3 1.3 1-1.6-2.6-10.4 2.9-7.3 2.6 1.5 1.6 6.5 4.8 2.7 1.3-1.5 1.7-3.6 4-3.7 2.2-.1 4 2.3 4.8 4.1 1.3 2.9-1.5 8.4.9 10.3 4.2 3.3 3-5.5 2.7-6.9-.6-3.9 1-7.2 5.5-5 4.1 2.1 4.3 7.7 4.1 11.6 0 .8-.6 9.5 2.5 5.2 1.2-1.7-.1-7.7.1-9.6.3-2.9 1.2-5.5 4.3-6.2 4.5-1 7.7 1.5 7.4 5.8-.2 3.5-1.8 7.7-.5 11.1 1 2.7 3.6 2.8 5 .2 1.6-3.1 0-8.3-.4-11.6-.4-4.2-.2-7 1.8-10.8 0 0-.1.1-.1.2-.2.4-.3.7-.4.8v.1c-.1.2-.1.2 0 0v-.1l.4-.8c0-.1.1-.1.1-.2.2-.4.5-.8.8-1.2V0H0zM282.7 3.4z\"\/>\n<\/svg>\t\t<\/div>\n\t\t\t\t<div class=\"elementor-element elementor-element-79b8313 elementor-widget elementor-widget-image\" data-id=\"79b8313\" data-element_type=\"widget\" data-widget_type=\"image.default\">\n\t\t\t\t\t\t\t\t\t\t\t\t\t\t\t<img fetchpriority=\"high\" decoding=\"async\" width=\"1972\" height=\"640\" src=\"https:\/\/quynhnhu.vanphonggroup.com\/wp-content\/uploads\/2025\/10\/pnvn-2010-25-1972X640-CTA.png\" class=\"attachment-large size-large wp-image-120\" alt=\"\" srcset=\"https:\/\/quynhnhu.vanphonggroup.com\/wp-content\/uploads\/2025\/10\/pnvn-2010-25-1972X640-CTA.png 1972w, https:\/\/quynhnhu.vanphonggroup.com\/wp-content\/uploads\/2025\/10\/pnvn-2010-25-1972X640-CTA-768x249.png 768w, https:\/\/quynhnhu.vanphonggroup.com\/wp-content\/uploads\/2025\/10\/pnvn-2010-25-1972X640-CTA-1536x498.png 1536w, https:\/\/quynhnhu.vanphonggroup.com\/wp-content\/uploads\/2025\/10\/pnvn-2010-25-1972X640-CTA-1320x428.png 1320w, https:\/\/quynhnhu.vanphonggroup.com\/wp-content\/uploads\/2025\/10\/pnvn-2010-25-1972X640-CTA-600x195.png 600w\" sizes=\"(max-width: 1972px) 100vw, 1972px\" \/>\t\t\t\t\t\t\t\t\t\t\t\t\t\t\t<\/div>\n\t\t\t\t<\/div>\n\t\t<div class=\"elementor-element elementor-element-7523b8c e-flex e-con-boxed e-con e-parent\" data-id=\"7523b8c\" data-element_type=\"container\">\n\t\t\t\t\t<div class=\"e-con-inner\">\n\t\t<div class=\"elementor-element elementor-element-53edd44 e-con-full e-flex e-con e-child\" data-id=\"53edd44\" data-element_type=\"container\">\n\t\t\t\t<div class=\"elementor-element elementor-element-e0882f1 elementor-widget elementor-widget-image\" data-id=\"e0882f1\" data-element_type=\"widget\" data-widget_type=\"image.default\">\n\t\t\t\t\t\t\t\t\t\t\t\t\t\t\t<img decoding=\"async\" width=\"249\" height=\"80\" src=\"https:\/\/quynhnhu.vanphonggroup.com\/wp-content\/uploads\/2025\/10\/Xanh-mong-ket-dam-Minh-hoa-phang-Bieu-trung-Dich-vu-Giao-hang-2-e1760657873550.png\" class=\"attachment-large size-large wp-image-280\" alt=\"\" \/>\t\t\t\t\t\t\t\t\t\t\t\t\t\t\t<\/div>\n\t\t\t\t<\/div>\n\t\t<div class=\"elementor-element elementor-element-4514c0c e-con-full e-flex e-con e-child\" data-id=\"4514c0c\" data-element_type=\"container\">\n\t\t\t\t<div class=\"elementor-element elementor-element-f6da638 elementor-widget elementor-widget-image\" data-id=\"f6da638\" data-element_type=\"widget\" data-widget_type=\"image.default\">\n\t\t\t\t\t\t\t\t\t\t\t\t\t\t\t<img decoding=\"async\" width=\"249\" height=\"84\" src=\"https:\/\/quynhnhu.vanphonggroup.com\/wp-content\/uploads\/2025\/10\/Xanh-mong-ket-dam-Minh-hoa-phang-Bieu-trung-Dich-vu-Giao-hang-1-e1760657697879.png\" class=\"attachment-large size-large wp-image-279\" alt=\"\" \/>\t\t\t\t\t\t\t\t\t\t\t\t\t\t\t<\/div>\n\t\t\t\t<\/div>\n\t\t<div class=\"elementor-element elementor-element-8d141b3 e-con-full e-flex e-con e-child\" data-id=\"8d141b3\" data-element_type=\"container\">\n\t\t\t\t<div class=\"elementor-element elementor-element-a2d9ef6 elementor-widget elementor-widget-image\" data-id=\"a2d9ef6\" data-element_type=\"widget\" data-widget_type=\"image.default\">\n\t\t\t\t\t\t\t\t\t\t\t\t\t\t\t<img loading=\"lazy\" decoding=\"async\" width=\"249\" height=\"79\" src=\"https:\/\/quynhnhu.vanphonggroup.com\/wp-content\/uploads\/2025\/10\/Xanh-mong-ket-dam-Minh-hoa-phang-Bieu-trung-Dich-vu-Giao-hang-2-1-e1760658069306.png\" class=\"attachment-large size-large wp-image-281\" alt=\"\" \/>\t\t\t\t\t\t\t\t\t\t\t\t\t\t\t<\/div>\n\t\t\t\t<\/div>\n\t\t\t\t\t<\/div>\n\t\t\t\t<\/div>\n\t\t<div class=\"elementor-element elementor-element-2f996d4 e-flex e-con-boxed e-con e-parent\" data-id=\"2f996d4\" data-element_type=\"container\">\n\t\t\t\t\t<div class=\"e-con-inner\">\n\t\t\t\t<div class=\"elementor-element elementor-element-82a4536 elementor-widget elementor-widget-text-editor\" data-id=\"82a4536\" data-element_type=\"widget\" data-widget_type=\"text-editor.default\">\n\t\t\t\t\t\t\t\t\t<h1 style=\"text-align: center;\">B\u1ea0N \u0110ANG T\u00ccM G\u00cc H\u00d4M NAY?<\/h1>\t\t\t\t\t\t\t\t<\/div>\n\t\t\t\t\t<\/div>\n\t\t\t\t<\/div>\n\t\t<div class=\"elementor-element elementor-element-fa12fdf e-flex e-con-boxed e-con e-parent\" data-id=\"fa12fdf\" data-element_type=\"container\">\n\t\t\t\t\t<div class=\"e-con-inner\">\n\t\t<div class=\"elementor-element elementor-element-e93cd0b e-con-full e-flex e-con e-child\" data-id=\"e93cd0b\" data-element_type=\"container\">\n\t\t\t\t<div class=\"elementor-element elementor-element-d61f383 elementor-widget elementor-widget-image\" data-id=\"d61f383\" data-element_type=\"widget\" data-widget_type=\"image.default\">\n\t\t\t\t\t\t\t\t\t\t\t\t\t\t\t<img loading=\"lazy\" decoding=\"async\" width=\"2000\" height=\"2000\" src=\"https:\/\/quynhnhu.vanphonggroup.com\/wp-content\/uploads\/2025\/10\/on-siztxmw060021-hat-charm-bac-dinh-da-pnjsilver-1.jpg\" class=\"attachment-large size-large wp-image-121\" alt=\"\" srcset=\"https:\/\/quynhnhu.vanphonggroup.com\/wp-content\/uploads\/2025\/10\/on-siztxmw060021-hat-charm-bac-dinh-da-pnjsilver-1.jpg 2000w, https:\/\/quynhnhu.vanphonggroup.com\/wp-content\/uploads\/2025\/10\/on-siztxmw060021-hat-charm-bac-dinh-da-pnjsilver-1-768x768.jpg 768w, https:\/\/quynhnhu.vanphonggroup.com\/wp-content\/uploads\/2025\/10\/on-siztxmw060021-hat-charm-bac-dinh-da-pnjsilver-1-1536x1536.jpg 1536w, https:\/\/quynhnhu.vanphonggroup.com\/wp-content\/uploads\/2025\/10\/on-siztxmw060021-hat-charm-bac-dinh-da-pnjsilver-1-700x700.jpg 700w, https:\/\/quynhnhu.vanphonggroup.com\/wp-content\/uploads\/2025\/10\/on-siztxmw060021-hat-charm-bac-dinh-da-pnjsilver-1-1320x1320.jpg 1320w, https:\/\/quynhnhu.vanphonggroup.com\/wp-content\/uploads\/2025\/10\/on-siztxmw060021-hat-charm-bac-dinh-da-pnjsilver-1-300x300.jpg 300w, https:\/\/quynhnhu.vanphonggroup.com\/wp-content\/uploads\/2025\/10\/on-siztxmw060021-hat-charm-bac-dinh-da-pnjsilver-1-600x600.jpg 600w, https:\/\/quynhnhu.vanphonggroup.com\/wp-content\/uploads\/2025\/10\/on-siztxmw060021-hat-charm-bac-dinh-da-pnjsilver-1-100x100.jpg 100w\" sizes=\"(max-width: 2000px) 100vw, 2000px\" \/>\t\t\t\t\t\t\t\t\t\t\t\t\t\t\t<\/div>\n\t\t\t\t<\/div>\n\t\t<div class=\"elementor-element elementor-element-1781740 e-con-full e-flex e-con e-child\" data-id=\"1781740\" data-element_type=\"container\">\n\t\t\t\t<div class=\"elementor-element elementor-element-3fd26a4 elementor-widget elementor-widget-progress\" data-id=\"3fd26a4\" data-element_type=\"widget\" data-widget_type=\"progress.default\">\n\t\t\t\t\t\t\t\t<span class=\"elementor-title\" id=\"elementor-progress-bar-3fd26a4\">\n\t\t\t\tK\u0129 n\u0103ng c\u1ee7a t\u00f4i\t\t\t<\/span>\n\t\t\n\t\t<div aria-labelledby=\"elementor-progress-bar-3fd26a4\" class=\"elementor-progress-wrapper\" role=\"progressbar\" aria-valuemin=\"0\" aria-valuemax=\"100\" aria-valuenow=\"50\" aria-valuetext=\"50% (Nh\u00e0 thi\u1ebft k\u1ebf web)\">\n\t\t\t<div class=\"elementor-progress-bar\" data-max=\"50\">\n\t\t\t\t<span class=\"elementor-progress-text\">Nh\u00e0 thi\u1ebft k\u1ebf web<\/span>\n\t\t\t\t\t\t\t\t\t<span class=\"elementor-progress-percentage\">50%<\/span>\n\t\t\t\t\t\t\t<\/div>\n\t\t<\/div>\n\t\t\t\t\t\t<\/div>\n\t\t\t\t<div class=\"elementor-element elementor-element-883a1a1 elementor-widget elementor-widget-progress\" data-id=\"883a1a1\" data-element_type=\"widget\" data-widget_type=\"progress.default\">\n\t\t\t\t\t\t\t\t<span class=\"elementor-title\" id=\"elementor-progress-bar-883a1a1\">\n\t\t\t\tK\u0129 n\u0103ng c\u1ee7a t\u00f4i\t\t\t<\/span>\n\t\t\n\t\t<div aria-labelledby=\"elementor-progress-bar-883a1a1\" class=\"elementor-progress-wrapper\" role=\"progressbar\" aria-valuemin=\"0\" aria-valuemax=\"100\" aria-valuenow=\"74\" aria-valuetext=\"74% (Nh\u00e0 thi\u1ebft k\u1ebf web)\">\n\t\t\t<div class=\"elementor-progress-bar\" data-max=\"74\">\n\t\t\t\t<span class=\"elementor-progress-text\">Nh\u00e0 thi\u1ebft k\u1ebf web<\/span>\n\t\t\t\t\t\t\t\t\t<span class=\"elementor-progress-percentage\">74%<\/span>\n\t\t\t\t\t\t\t<\/div>\n\t\t<\/div>\n\t\t\t\t\t\t<\/div>\n\t\t\t\t<div class=\"elementor-element elementor-element-b1e19f7 elementor-widget elementor-widget-progress\" data-id=\"b1e19f7\" data-element_type=\"widget\" data-widget_type=\"progress.default\">\n\t\t\t\t\t\t\t\t<span class=\"elementor-title\" id=\"elementor-progress-bar-b1e19f7\">\n\t\t\t\tK\u0129 n\u0103ng c\u1ee7a t\u00f4i\t\t\t<\/span>\n\t\t\n\t\t<div aria-labelledby=\"elementor-progress-bar-b1e19f7\" class=\"elementor-progress-wrapper\" role=\"progressbar\" aria-valuemin=\"0\" aria-valuemax=\"100\" aria-valuenow=\"88\" aria-valuetext=\"88% (Nh\u00e0 thi\u1ebft k\u1ebf web)\">\n\t\t\t<div class=\"elementor-progress-bar\" data-max=\"88\">\n\t\t\t\t<span class=\"elementor-progress-text\">Nh\u00e0 thi\u1ebft k\u1ebf web<\/span>\n\t\t\t\t\t\t\t\t\t<span class=\"elementor-progress-percentage\">88%<\/span>\n\t\t\t\t\t\t\t<\/div>\n\t\t<\/div>\n\t\t\t\t\t\t<\/div>\n\t\t\t\t<div class=\"elementor-element elementor-element-8bc4f09 elementor-widget elementor-widget-progress\" data-id=\"8bc4f09\" data-element_type=\"widget\" data-widget_type=\"progress.default\">\n\t\t\t\t\t\t\t\t<span class=\"elementor-title\" id=\"elementor-progress-bar-8bc4f09\">\n\t\t\t\tK\u0129 n\u0103ng c\u1ee7a t\u00f4i\t\t\t<\/span>\n\t\t\n\t\t<div aria-labelledby=\"elementor-progress-bar-8bc4f09\" class=\"elementor-progress-wrapper\" role=\"progressbar\" aria-valuemin=\"0\" aria-valuemax=\"100\" aria-valuenow=\"100\" aria-valuetext=\"100% (Nh\u00e0 thi\u1ebft k\u1ebf web)\">\n\t\t\t<div class=\"elementor-progress-bar\" data-max=\"100\">\n\t\t\t\t<span class=\"elementor-progress-text\">Nh\u00e0 thi\u1ebft k\u1ebf web<\/span>\n\t\t\t\t\t\t\t\t\t<span class=\"elementor-progress-percentage\">100%<\/span>\n\t\t\t\t\t\t\t<\/div>\n\t\t<\/div>\n\t\t\t\t\t\t<\/div>\n\t\t\t\t<div class=\"elementor-element elementor-element-2449aae elementor-widget elementor-widget-text-editor\" data-id=\"2449aae\" data-element_type=\"widget\" data-widget_type=\"text-editor.default\">\n\t\t\t\t\t\t\t\t\t<div class=\"mp-block-description\"><p>Xu h\u01b0\u1edbng D.I.Y hi\u1ec7n nay v\u1eabn \u0111\u01b0\u1ee3c c\u00e1c c\u00f4 g\u00e1i \u01b0a chu\u1ed9ng b\u1edfi c\u1ea3m gi\u00e1c \u201cDo It Yourself\u201d, th\u1ec3 hi\u1ec7n \u0111\u01b0\u1ee3c c\u00e1 t\u00ednh c\u1ee7a m\u1ed7i ng\u01b0\u1eddi v\u00e0\u00a0<a href=\"https:\/\/www.pnj.com.vn\/charm\/charm-bac\/?atm_source=pdp&amp;atm_medium=charmbac&amp;atm_campaign=&amp;atm_content=\">Charm\u00a0PNJSilver<\/a>\u00a0v\u1eabn \u0111\u1ec1 cao t\u00ednh s\u00e1ng t\u1ea1o theo xu h\u01b0\u1edbng n\u00e0y trong phong c\u00e1ch c\u1ee7a c\u00e1c c\u00f4 n\u00e0ng.<\/p><\/div><div class=\"mp-block-description-wrapper\"><div class=\"mp-block-description\"><p>\u0110\u01b0\u1ee3c ch\u1ebf t\u00e1c t\u1eeb ch\u1ea5t li\u1ec7u b\u1ea1c cao c\u1ea5p 92.5 c\u00f9ng thi\u1ebft k\u1ebf ph\u00e1 c\u00e1ch, nh\u1eefng h\u1ea1t charm khi k\u1ebft h\u1ee3p v\u1edbi nhau t\u1ea1o th\u00e0nh\u00a0<a href=\"https:\/\/www.pnj.com.vn\/lac-vong-tay\/vong-tay\/vong-tay-bac\/?atm_source=pdp&amp;atm_medium=vongtaybac&amp;atm_campaign=&amp;atm_content=\">v\u00f2ng tay<\/a> charm ho\u00e0n ch\u1ec9nh th\u1ec3 hi\u1ec7n c\u00e1 t\u00ednh c\u1ee7a ri\u00eang m\u1ed7i ng\u01b0\u1eddi. Nh\u1eefng s\u1ea3n ph\u1ea9m th\u1eddi trang D.I.Y s\u1ebd gi\u00fap n\u00e0ng t\u1ef1 h\u00e0o v\u1ec1 b\u1ea3n th\u00e2n h\u01a1n v\u00e0 c\u00f2n g\u00f3p ph\u1ea7n l\u00e0m sinh \u0111\u1ed9ng th\u00eam phong c\u00e1ch c\u1ee7a m\u00ecnh. Xu h\u01b0\u1edbng D.I.Y hi\u1ec7n nay v\u1eabn \u0111\u01b0\u1ee3c c\u00e1c c\u00f4 g\u00e1i \u01b0a chu\u1ed9ng b\u1edfi c\u1ea3m gi\u00e1c \u201cDo It Yourself\u201d, th\u1ec3 hi\u1ec7n \u0111\u01b0\u1ee3c c\u00e1 t\u00ednh c\u1ee7a m\u1ed7i ng\u01b0\u1eddi v\u00e0 <a href=\"https:\/\/www.pnj.com.vn\/charm\/charm-bac\/?atm_source=pdp&amp;atm_medium=charmbac&amp;atm_campaign=&amp;atm_content=\">Charm\u00a0PNJSilver<\/a> v\u1eabn \u0111\u1ec1 cao t\u00ednh s\u00e1ng t\u1ea1o theo xu h\u01b0\u1edbng n\u00e0y trong phong c\u00e1ch c\u1ee7a c\u00e1c c\u00f4 n\u00e0ng.<\/p><\/div><\/div>\t\t\t\t\t\t\t\t<\/div>\n\t\t\t\t<\/div>\n\t\t\t\t\t<\/div>\n\t\t\t\t<\/div>\n\t\t<div class=\"elementor-element elementor-element-a784563 e-flex e-con-boxed e-con e-parent\" data-id=\"a784563\" data-element_type=\"container\">\n\t\t\t\t\t<div class=\"e-con-inner\">\n\t\t<div class=\"elementor-element elementor-element-05f56a1 e-con-full e-flex e-con e-child\" data-id=\"05f56a1\" data-element_type=\"container\">\n\t\t\t\t<div class=\"elementor-element elementor-element-ee42719 elementor-widget elementor-widget-image\" data-id=\"ee42719\" data-element_type=\"widget\" data-widget_type=\"image.default\">\n\t\t\t\t\t\t\t\t\t\t\t\t\t\t\t<img loading=\"lazy\" decoding=\"async\" width=\"2000\" height=\"2000\" src=\"https:\/\/quynhnhu.vanphonggroup.com\/wp-content\/uploads\/2025\/10\/2.png\" class=\"attachment-large size-large wp-image-138\" alt=\"\" srcset=\"https:\/\/quynhnhu.vanphonggroup.com\/wp-content\/uploads\/2025\/10\/2.png 2000w, https:\/\/quynhnhu.vanphonggroup.com\/wp-content\/uploads\/2025\/10\/2-768x768.png 768w, https:\/\/quynhnhu.vanphonggroup.com\/wp-content\/uploads\/2025\/10\/2-1536x1536.png 1536w, https:\/\/quynhnhu.vanphonggroup.com\/wp-content\/uploads\/2025\/10\/2-1320x1320.png 1320w, https:\/\/quynhnhu.vanphonggroup.com\/wp-content\/uploads\/2025\/10\/2-300x300.png 300w, https:\/\/quynhnhu.vanphonggroup.com\/wp-content\/uploads\/2025\/10\/2-600x600.png 600w, https:\/\/quynhnhu.vanphonggroup.com\/wp-content\/uploads\/2025\/10\/2-100x100.png 100w\" sizes=\"(max-width: 2000px) 100vw, 2000px\" \/>\t\t\t\t\t\t\t\t\t\t\t\t\t\t\t<\/div>\n\t\t\t\t<\/div>\n\t\t<div class=\"elementor-element elementor-element-6967499 e-con-full e-flex e-con e-child\" data-id=\"6967499\" data-element_type=\"container\">\n\t\t\t\t<div class=\"elementor-element elementor-element-1d6f5a4 elementor-widget elementor-widget-image\" data-id=\"1d6f5a4\" data-element_type=\"widget\" data-widget_type=\"image.default\">\n\t\t\t\t\t\t\t\t\t\t\t\t\t\t\t<img loading=\"lazy\" decoding=\"async\" width=\"2000\" height=\"2000\" src=\"https:\/\/quynhnhu.vanphonggroup.com\/wp-content\/uploads\/2025\/10\/on-siztxmw060021-hat-charm-bac-dinh-da-pnjsilver-1.jpg\" class=\"attachment-large size-large wp-image-121\" alt=\"\" srcset=\"https:\/\/quynhnhu.vanphonggroup.com\/wp-content\/uploads\/2025\/10\/on-siztxmw060021-hat-charm-bac-dinh-da-pnjsilver-1.jpg 2000w, https:\/\/quynhnhu.vanphonggroup.com\/wp-content\/uploads\/2025\/10\/on-siztxmw060021-hat-charm-bac-dinh-da-pnjsilver-1-768x768.jpg 768w, https:\/\/quynhnhu.vanphonggroup.com\/wp-content\/uploads\/2025\/10\/on-siztxmw060021-hat-charm-bac-dinh-da-pnjsilver-1-1536x1536.jpg 1536w, https:\/\/quynhnhu.vanphonggroup.com\/wp-content\/uploads\/2025\/10\/on-siztxmw060021-hat-charm-bac-dinh-da-pnjsilver-1-700x700.jpg 700w, https:\/\/quynhnhu.vanphonggroup.com\/wp-content\/uploads\/2025\/10\/on-siztxmw060021-hat-charm-bac-dinh-da-pnjsilver-1-1320x1320.jpg 1320w, https:\/\/quynhnhu.vanphonggroup.com\/wp-content\/uploads\/2025\/10\/on-siztxmw060021-hat-charm-bac-dinh-da-pnjsilver-1-300x300.jpg 300w, https:\/\/quynhnhu.vanphonggroup.com\/wp-content\/uploads\/2025\/10\/on-siztxmw060021-hat-charm-bac-dinh-da-pnjsilver-1-600x600.jpg 600w, https:\/\/quynhnhu.vanphonggroup.com\/wp-content\/uploads\/2025\/10\/on-siztxmw060021-hat-charm-bac-dinh-da-pnjsilver-1-100x100.jpg 100w\" sizes=\"(max-width: 2000px) 100vw, 2000px\" \/>\t\t\t\t\t\t\t\t\t\t\t\t\t\t\t<\/div>\n\t\t\t\t<\/div>\n\t\t<div class=\"elementor-element elementor-element-dd645f6 e-con-full e-flex e-con e-child\" data-id=\"dd645f6\" data-element_type=\"container\">\n\t\t\t\t<div class=\"elementor-element elementor-element-6099a44 elementor-widget elementor-widget-image\" data-id=\"6099a44\" data-element_type=\"widget\" data-widget_type=\"image.default\">\n\t\t\t\t\t\t\t\t\t\t\t\t\t\t\t<img loading=\"lazy\" decoding=\"async\" width=\"2000\" height=\"2000\" src=\"https:\/\/quynhnhu.vanphonggroup.com\/wp-content\/uploads\/2025\/10\/1.png\" class=\"attachment-large size-large wp-image-137\" alt=\"\" srcset=\"https:\/\/quynhnhu.vanphonggroup.com\/wp-content\/uploads\/2025\/10\/1.png 2000w, https:\/\/quynhnhu.vanphonggroup.com\/wp-content\/uploads\/2025\/10\/1-768x768.png 768w, https:\/\/quynhnhu.vanphonggroup.com\/wp-content\/uploads\/2025\/10\/1-1536x1536.png 1536w, https:\/\/quynhnhu.vanphonggroup.com\/wp-content\/uploads\/2025\/10\/1-1320x1320.png 1320w, https:\/\/quynhnhu.vanphonggroup.com\/wp-content\/uploads\/2025\/10\/1-300x300.png 300w, https:\/\/quynhnhu.vanphonggroup.com\/wp-content\/uploads\/2025\/10\/1-600x600.png 600w, https:\/\/quynhnhu.vanphonggroup.com\/wp-content\/uploads\/2025\/10\/1-100x100.png 100w\" sizes=\"(max-width: 2000px) 100vw, 2000px\" \/>\t\t\t\t\t\t\t\t\t\t\t\t\t\t\t<\/div>\n\t\t\t\t<\/div>\n\t\t<div class=\"elementor-element elementor-element-5a3959d e-con-full e-flex e-con e-child\" data-id=\"5a3959d\" data-element_type=\"container\">\n\t\t\t\t<div class=\"elementor-element elementor-element-e72d263 elementor-widget elementor-widget-image\" data-id=\"e72d263\" data-element_type=\"widget\" data-widget_type=\"image.default\">\n\t\t\t\t\t\t\t\t\t\t\t\t\t\t\t<img loading=\"lazy\" decoding=\"async\" width=\"2000\" height=\"2000\" src=\"https:\/\/quynhnhu.vanphonggroup.com\/wp-content\/uploads\/2025\/10\/on-siztxmw060021-hat-charm-bac-dinh-da-pnjsilver-3.jpg\" class=\"attachment-large size-large wp-image-139\" alt=\"\" srcset=\"https:\/\/quynhnhu.vanphonggroup.com\/wp-content\/uploads\/2025\/10\/on-siztxmw060021-hat-charm-bac-dinh-da-pnjsilver-3.jpg 2000w, https:\/\/quynhnhu.vanphonggroup.com\/wp-content\/uploads\/2025\/10\/on-siztxmw060021-hat-charm-bac-dinh-da-pnjsilver-3-768x768.jpg 768w, https:\/\/quynhnhu.vanphonggroup.com\/wp-content\/uploads\/2025\/10\/on-siztxmw060021-hat-charm-bac-dinh-da-pnjsilver-3-1536x1536.jpg 1536w, https:\/\/quynhnhu.vanphonggroup.com\/wp-content\/uploads\/2025\/10\/on-siztxmw060021-hat-charm-bac-dinh-da-pnjsilver-3-1320x1320.jpg 1320w, https:\/\/quynhnhu.vanphonggroup.com\/wp-content\/uploads\/2025\/10\/on-siztxmw060021-hat-charm-bac-dinh-da-pnjsilver-3-300x300.jpg 300w, https:\/\/quynhnhu.vanphonggroup.com\/wp-content\/uploads\/2025\/10\/on-siztxmw060021-hat-charm-bac-dinh-da-pnjsilver-3-600x600.jpg 600w, https:\/\/quynhnhu.vanphonggroup.com\/wp-content\/uploads\/2025\/10\/on-siztxmw060021-hat-charm-bac-dinh-da-pnjsilver-3-100x100.jpg 100w\" sizes=\"(max-width: 2000px) 100vw, 2000px\" \/>\t\t\t\t\t\t\t\t\t\t\t\t\t\t\t<\/div>\n\t\t\t\t<\/div>\n\t\t\t\t\t<\/div>\n\t\t\t\t<\/div>\n\t\t<div class=\"elementor-element elementor-element-c312bd5 e-flex e-con-boxed e-con e-parent\" data-id=\"c312bd5\" data-element_type=\"container\">\n\t\t\t\t\t<div class=\"e-con-inner\">\n\t\t\t\t\t<\/div>\n\t\t\t\t<\/div>\n\t\t<div class=\"elementor-element elementor-element-6a85e3b e-flex e-con-boxed e-con e-parent\" data-id=\"6a85e3b\" data-element_type=\"container\">\n\t\t\t\t\t<div class=\"e-con-inner\">\n\t\t\t\t<div class=\"elementor-element elementor-element-b8605b0 elementor-widget elementor-widget-image\" data-id=\"b8605b0\" data-element_type=\"widget\" data-widget_type=\"image.default\">\n\t\t\t\t\t\t\t\t\t\t\t\t\t\t\t<img decoding=\"async\" src=\"https:\/\/quynhnhu.vanphonggroup.com\/wp-content\/plugins\/elementor\/assets\/images\/placeholder.png\" title=\"\" alt=\"\" loading=\"lazy\" \/>\t\t\t\t\t\t\t\t\t\t\t\t\t\t\t<\/div>\n\t\t\t\t\t<\/div>\n\t\t\t\t<\/div>\n\t\t\t\t<\/div>\n\t\t","protected":false},"excerpt":{"rendered":"<p>B\u1ea0N \u0110ANG T\u00ccM G\u00cc H\u00d4M NAY? K\u0129 n\u0103ng c\u1ee7a t\u00f4i Nh\u00e0 thi\u1ebft k\u1ebf web 50% K\u0129 n\u0103ng c\u1ee7a t\u00f4i Nh\u00e0 [&hellip;]<\/p>\n","protected":false},"author":1,"featured_media":0,"parent":0,"menu_order":0,"comment_status":"closed","ping_status":"closed","template":"elementor_header_footer","meta":{"footnotes":""},"class_list":["post-103","page","type-page","status-publish","hentry"],"jetpack_sharing_enabled":true,"_links":{"self":[{"href":"https:\/\/quynhnhu.vanphonggroup.com\/index.php\/wp-json\/wp\/v2\/pages\/103","targetHints":{"allow":["GET"]}}],"collection":[{"href":"https:\/\/quynhnhu.vanphonggroup.com\/index.php\/wp-json\/wp\/v2\/pages"}],"about":[{"href":"https:\/\/quynhnhu.vanphonggroup.com\/index.php\/wp-json\/wp\/v2\/types\/page"}],"author":[{"embeddable":true,"href":"https:\/\/quynhnhu.vanphonggroup.com\/index.php\/wp-json\/wp\/v2\/users\/1"}],"replies":[{"embeddable":true,"href":"https:\/\/quynhnhu.vanphonggroup.com\/index.php\/wp-json\/wp\/v2\/comments?post=103"}],"version-history":[{"count":34,"href":"https:\/\/quynhnhu.vanphonggroup.com\/index.php\/wp-json\/wp\/v2\/pages\/103\/revisions"}],"predecessor-version":[{"id":291,"href":"https:\/\/quynhnhu.vanphonggroup.com\/index.php\/wp-json\/wp\/v2\/pages\/103\/revisions\/291"}],"wp:attachment":[{"href":"https:\/\/quynhnhu.vanphonggroup.com\/index.php\/wp-json\/wp\/v2\/media?parent=103"}],"curies":[{"name":"wp","href":"https:\/\/api.w.org\/{rel}","templated":true}]}}