{"id":95,"date":"2025-10-10T03:20:20","date_gmt":"2025-10-10T03:20:20","guid":{"rendered":"https:\/\/quynhnhu.vanphonggroup.com\/index.php\/gio-hang\/"},"modified":"2025-10-10T03:20:20","modified_gmt":"2025-10-10T03:20:20","slug":"gio-hang","status":"publish","type":"page","link":"https:\/\/quynhnhu.vanphonggroup.com\/","title":{"rendered":"Gi\u1ecf h\u00e0ng"},"content":{"rendered":"\n<div data-block-name=\"woocommerce\/cart\" class=\"wp-block-woocommerce-cart alignwide is-loading\">\n<div data-block-name=\"woocommerce\/filled-cart-block\" class=\"wp-block-woocommerce-filled-cart-block\">\n<div data-block-name=\"woocommerce\/cart-items-block\" class=\"wp-block-woocommerce-cart-items-block\">\n<div data-block-name=\"woocommerce\/cart-line-items-block\" class=\"wp-block-woocommerce-cart-line-items-block\"><\/div>\n\n\n<\/div>\n\n\n\n\n<div data-block-name=\"woocommerce\/cart-totals-block\" class=\"wp-block-woocommerce-cart-totals-block\">\n<div data-block-name=\"woocommerce\/cart-order-summary-block\" class=\"wp-block-woocommerce-cart-order-summary-block\">\n<div data-block-name=\"woocommerce\/cart-order-summary-heading-block\" class=\"wp-block-woocommerce-cart-order-summary-heading-block\"><\/div><div data-block-name=\"woocommerce\/cart-order-summary-coupon-form-block\" class=\"wp-block-woocommerce-cart-order-summary-coupon-form-block\"><\/div><div data-block-name=\"woocommerce\/cart-order-summary-totals-block\" class=\"wp-block-woocommerce-cart-order-summary-totals-block\">\n<div data-block-name=\"woocommerce\/cart-order-summary-subtotal-block\" class=\"wp-block-woocommerce-cart-order-summary-subtotal-block\"><\/div>\n<div data-block-name=\"woocommerce\/cart-order-summary-discount-block\" class=\"wp-block-woocommerce-cart-order-summary-discount-block\"><\/div>\n<div data-block-name=\"woocommerce\/cart-order-summary-fee-block\" class=\"wp-block-woocommerce-cart-order-summary-fee-block\"><\/div>\n<div data-block-name=\"woocommerce\/cart-order-summary-shipping-block\" class=\"wp-block-woocommerce-cart-order-summary-shipping-block\"><\/div>\n<div data-block-name=\"woocommerce\/cart-order-summary-taxes-block\" class=\"wp-block-woocommerce-cart-order-summary-taxes-block\"><\/div><\/div>\n<\/div>\n\n\n\n<div data-block-name=\"woocommerce\/cart-express-payment-block\" class=\"wp-block-woocommerce-cart-express-payment-block\"><\/div>\n\n\n\n<div data-block-name=\"woocommerce\/proceed-to-checkout-block\" class=\"wp-block-woocommerce-proceed-to-checkout-block\"><\/div>\n\n\n\n<div data-block-name=\"woocommerce\/cart-accepted-payment-methods-block\" class=\"wp-block-woocommerce-cart-accepted-payment-methods-block\"><\/div>\n<\/div>\n<\/div>\n\n\n\n<div data-block-name=\"woocommerce\/empty-cart-block\" class=\"wp-block-woocommerce-empty-cart-block\">\n<h2 class=\"wp-block-heading has-text-align-center with-empty-cart-icon wc-block-cart__empty-cart__title\">Gi\u1ecf h\u00e0ng hi\u1ec7n t\u1ea1i ch\u01b0a c\u00f3 s\u1ea3n ph\u1ea9m n\u00e0o!<\/h2>\n\n\n\n<hr class=\"wp-block-separator has-alpha-channel-opacity is-style-dots\"\/>\n\n\n\n<h2 class=\"wp-block-heading has-text-align-center\">M\u1edbi trong c\u1eeda h\u00e0ng<\/h2>\n\n\n<div data-block-name=\"woocommerce\/product-new\" data-columns=\"4\" data-rows=\"1\" class=\"wc-block-grid wp-block-product-new wp-block-woocommerce-product-new wc-block-product-new has-4-columns\"><ul class=\"wc-block-grid__products\"><li class=\"wc-block-grid__product\">\n\t\t\t\t<a href=\"https:\/\/quynhnhu.vanphonggroup.com\/index.php\/san-pham\/day-chuyen-da-thien-nhien-moc-tam-2564\/\" class=\"wc-block-grid__product-link\">\n\t\t\t\t\t\n\t\t\t\t\t<div class=\"wc-block-grid__product-image\"><img fetchpriority=\"high\" decoding=\"async\" width=\"300\" height=\"300\" src=\"https:\/\/quynhnhu.vanphonggroup.com\/wp-content\/uploads\/2025\/10\/20250622_zUCr8IplUC-300x300.jpeg\" class=\"attachment-woocommerce_thumbnail size-woocommerce_thumbnail\" alt=\"D\u00e2y chuy\u1ec1n \u0111\u00e1 thi\u00ean nhi\u00ean m\u1ed9c t\u00e2m 2564\" srcset=\"https:\/\/quynhnhu.vanphonggroup.com\/wp-content\/uploads\/2025\/10\/20250622_zUCr8IplUC-300x300.jpeg 300w, https:\/\/quynhnhu.vanphonggroup.com\/wp-content\/uploads\/2025\/10\/20250622_zUCr8IplUC-768x768.jpeg 768w, https:\/\/quynhnhu.vanphonggroup.com\/wp-content\/uploads\/2025\/10\/20250622_zUCr8IplUC-1536x1536.jpeg 1536w, https:\/\/quynhnhu.vanphonggroup.com\/wp-content\/uploads\/2025\/10\/20250622_zUCr8IplUC-1320x1320.jpeg 1320w, https:\/\/quynhnhu.vanphonggroup.com\/wp-content\/uploads\/2025\/10\/20250622_zUCr8IplUC-600x600.jpeg 600w, https:\/\/quynhnhu.vanphonggroup.com\/wp-content\/uploads\/2025\/10\/20250622_zUCr8IplUC-100x100.jpeg 100w, https:\/\/quynhnhu.vanphonggroup.com\/wp-content\/uploads\/2025\/10\/20250622_zUCr8IplUC.jpeg 1560w\" sizes=\"(max-width: 300px) 100vw, 300px\" \/><\/div>\n\t\t\t\t\t<div class=\"wc-block-grid__product-title\">D\u00e2y chuy\u1ec1n \u0111\u00e1 thi\u00ean nhi\u00ean m\u1ed9c t\u00e2m 2564<\/div>\n\t\t\t\t<\/a>\n\t\t\t\t<div class=\"wc-block-grid__product-price price\"><span class=\"woocommerce-Price-amount amount\">320.000&nbsp;<span class=\"woocommerce-Price-currencySymbol\">&#8363;<\/span><\/span><\/div>\n\t\t\t\t\n\t\t\t\t<div class=\"wp-block-button wc-block-grid__product-add-to-cart\"><a href=\"\/index.php\/wp-json\/wp\/v2\/pages\/95?add-to-cart=193\" aria-label=\"Th\u00eam v\u00e0o gi\u1ecf h\u00e0ng: &ldquo;D\u00e2y chuy\u1ec1n \u0111\u00e1 thi\u00ean nhi\u00ean m\u1ed9c t\u00e2m 2564&rdquo;\" data-quantity=\"1\" data-product_id=\"193\" data-product_sku=\"\" data-price=\"320000\" rel=\"nofollow\" class=\"wp-block-button__link  add_to_cart_button ajax_add_to_cart\">Th\u00eam v\u00e0o gi\u1ecf h\u00e0ng<\/a><\/div>\n\t\t\t<\/li><li class=\"wc-block-grid__product\">\n\t\t\t\t<a href=\"https:\/\/quynhnhu.vanphonggroup.com\/index.php\/san-pham\/bong-tai-san-ho-chui-bi-2615\/\" class=\"wc-block-grid__product-link\">\n\t\t\t\t\t\n\t\t\t\t\t<div class=\"wc-block-grid__product-image\"><img decoding=\"async\" width=\"300\" height=\"300\" src=\"https:\/\/quynhnhu.vanphonggroup.com\/wp-content\/uploads\/2025\/10\/Bong-Tai-San-Ho-Chui-Bi-2615-300x300.jpg\" class=\"attachment-woocommerce_thumbnail size-woocommerce_thumbnail\" alt=\"B\u00f4ng Tai San H\u00f4 Chui Bi 2615\" srcset=\"https:\/\/quynhnhu.vanphonggroup.com\/wp-content\/uploads\/2025\/10\/Bong-Tai-San-Ho-Chui-Bi-2615-300x300.jpg 300w, https:\/\/quynhnhu.vanphonggroup.com\/wp-content\/uploads\/2025\/10\/Bong-Tai-San-Ho-Chui-Bi-2615-768x768.jpg 768w, https:\/\/quynhnhu.vanphonggroup.com\/wp-content\/uploads\/2025\/10\/Bong-Tai-San-Ho-Chui-Bi-2615-1536x1536.jpg 1536w, https:\/\/quynhnhu.vanphonggroup.com\/wp-content\/uploads\/2025\/10\/Bong-Tai-San-Ho-Chui-Bi-2615-1320x1320.jpg 1320w, https:\/\/quynhnhu.vanphonggroup.com\/wp-content\/uploads\/2025\/10\/Bong-Tai-San-Ho-Chui-Bi-2615-600x600.jpg 600w, https:\/\/quynhnhu.vanphonggroup.com\/wp-content\/uploads\/2025\/10\/Bong-Tai-San-Ho-Chui-Bi-2615-100x100.jpg 100w, https:\/\/quynhnhu.vanphonggroup.com\/wp-content\/uploads\/2025\/10\/Bong-Tai-San-Ho-Chui-Bi-2615.jpg 1560w\" sizes=\"(max-width: 300px) 100vw, 300px\" \/><\/div>\n\t\t\t\t\t<div class=\"wc-block-grid__product-title\">B\u00f4ng Tai San H\u00f4 Chui Bi 2615<\/div>\n\t\t\t\t<\/a>\n\t\t\t\t<div class=\"wc-block-grid__product-price price\"><span class=\"woocommerce-Price-amount amount\">250.000&nbsp;<span class=\"woocommerce-Price-currencySymbol\">&#8363;<\/span><\/span><\/div>\n\t\t\t\t\n\t\t\t\t<div class=\"wp-block-button wc-block-grid__product-add-to-cart\"><a href=\"\/index.php\/wp-json\/wp\/v2\/pages\/95?add-to-cart=191\" aria-label=\"Th\u00eam v\u00e0o gi\u1ecf h\u00e0ng: &ldquo;B\u00f4ng Tai San H\u00f4 Chui Bi 2615&rdquo;\" data-quantity=\"1\" data-product_id=\"191\" data-product_sku=\"\" data-price=\"250000\" rel=\"nofollow\" class=\"wp-block-button__link  add_to_cart_button ajax_add_to_cart\">Th\u00eam v\u00e0o gi\u1ecf h\u00e0ng<\/a><\/div>\n\t\t\t<\/li><li class=\"wc-block-grid__product\">\n\t\t\t\t<a href=\"https:\/\/quynhnhu.vanphonggroup.com\/index.php\/san-pham\/bong-tai-chuoi-bi-van-dinh-dano-nhi-dinh-da-2546\/\" class=\"wc-block-grid__product-link\">\n\t\t\t\t\t\n\t\t\t\t\t<div class=\"wc-block-grid__product-image\"><img decoding=\"async\" width=\"300\" height=\"300\" src=\"https:\/\/quynhnhu.vanphonggroup.com\/wp-content\/uploads\/2025\/10\/Bong-Tai-Chuoi-Bi-Van-Dinh-Da-No-Nhi-Dinh-Da-2546-3-300x300.jpg\" class=\"attachment-woocommerce_thumbnail size-woocommerce_thumbnail\" alt=\"B\u00f4ng Tai Chu\u00f4i Bi V\u1eb7n \u0110\u00ednh \u0110\u00e1,N\u01a1 Nh\u00ed \u0110\u00ednh \u0110\u00e1 2546\" srcset=\"https:\/\/quynhnhu.vanphonggroup.com\/wp-content\/uploads\/2025\/10\/Bong-Tai-Chuoi-Bi-Van-Dinh-Da-No-Nhi-Dinh-Da-2546-3-300x300.jpg 300w, https:\/\/quynhnhu.vanphonggroup.com\/wp-content\/uploads\/2025\/10\/Bong-Tai-Chuoi-Bi-Van-Dinh-Da-No-Nhi-Dinh-Da-2546-3-768x768.jpg 768w, https:\/\/quynhnhu.vanphonggroup.com\/wp-content\/uploads\/2025\/10\/Bong-Tai-Chuoi-Bi-Van-Dinh-Da-No-Nhi-Dinh-Da-2546-3-1536x1536.jpg 1536w, https:\/\/quynhnhu.vanphonggroup.com\/wp-content\/uploads\/2025\/10\/Bong-Tai-Chuoi-Bi-Van-Dinh-Da-No-Nhi-Dinh-Da-2546-3-1320x1320.jpg 1320w, https:\/\/quynhnhu.vanphonggroup.com\/wp-content\/uploads\/2025\/10\/Bong-Tai-Chuoi-Bi-Van-Dinh-Da-No-Nhi-Dinh-Da-2546-3-600x600.jpg 600w, https:\/\/quynhnhu.vanphonggroup.com\/wp-content\/uploads\/2025\/10\/Bong-Tai-Chuoi-Bi-Van-Dinh-Da-No-Nhi-Dinh-Da-2546-3-100x100.jpg 100w, https:\/\/quynhnhu.vanphonggroup.com\/wp-content\/uploads\/2025\/10\/Bong-Tai-Chuoi-Bi-Van-Dinh-Da-No-Nhi-Dinh-Da-2546-3.jpg 2000w\" sizes=\"(max-width: 300px) 100vw, 300px\" \/><\/div>\n\t\t\t\t\t<div class=\"wc-block-grid__product-title\">B\u00f4ng Tai Chu\u00f4i Bi V\u1eb7n \u0110\u00ednh \u0110\u00e1,N\u01a1 Nh\u00ed \u0110\u00ednh \u0110\u00e1 2546<\/div>\n\t\t\t\t<\/a>\n\t\t\t\t<div class=\"wc-block-grid__product-price price\"><span class=\"woocommerce-Price-amount amount\">320.000&nbsp;<span class=\"woocommerce-Price-currencySymbol\">&#8363;<\/span><\/span><\/div>\n\t\t\t\t\n\t\t\t\t<div class=\"wp-block-button wc-block-grid__product-add-to-cart\"><a href=\"\/index.php\/wp-json\/wp\/v2\/pages\/95?add-to-cart=187\" aria-label=\"Th\u00eam v\u00e0o gi\u1ecf h\u00e0ng: &ldquo;B\u00f4ng Tai Chu\u00f4i Bi V\u1eb7n \u0110\u00ednh \u0110\u00e1,N\u01a1 Nh\u00ed \u0110\u00ednh \u0110\u00e1 2546&rdquo;\" data-quantity=\"1\" data-product_id=\"187\" data-product_sku=\"\" data-price=\"320000\" rel=\"nofollow\" class=\"wp-block-button__link  add_to_cart_button ajax_add_to_cart\">Th\u00eam v\u00e0o gi\u1ecf h\u00e0ng<\/a><\/div>\n\t\t\t<\/li><li class=\"wc-block-grid__product\">\n\t\t\t\t<a href=\"https:\/\/quynhnhu.vanphonggroup.com\/index.php\/san-pham\/bong-tai-chuoi-bi-van-dinh-da-trai-tim-2544\/\" class=\"wc-block-grid__product-link\">\n\t\t\t\t\t\n\t\t\t\t\t<div class=\"wc-block-grid__product-image\"><img loading=\"lazy\" decoding=\"async\" width=\"300\" height=\"300\" src=\"https:\/\/quynhnhu.vanphonggroup.com\/wp-content\/uploads\/2025\/10\/Bong-Tai-Chuoi-Bi-Van-Dinh-Da-Trai-Tim-2544-1-300x300.jpg\" class=\"attachment-woocommerce_thumbnail size-woocommerce_thumbnail\" alt=\"B\u00f4ng Tai Chu\u00f4i Bi V\u1eb7n \u0110\u00ednh \u0110\u00e1, Tr\u00e1i Tim 2544\" srcset=\"https:\/\/quynhnhu.vanphonggroup.com\/wp-content\/uploads\/2025\/10\/Bong-Tai-Chuoi-Bi-Van-Dinh-Da-Trai-Tim-2544-1-300x300.jpg 300w, https:\/\/quynhnhu.vanphonggroup.com\/wp-content\/uploads\/2025\/10\/Bong-Tai-Chuoi-Bi-Van-Dinh-Da-Trai-Tim-2544-1-768x768.jpg 768w, https:\/\/quynhnhu.vanphonggroup.com\/wp-content\/uploads\/2025\/10\/Bong-Tai-Chuoi-Bi-Van-Dinh-Da-Trai-Tim-2544-1-1536x1536.jpg 1536w, https:\/\/quynhnhu.vanphonggroup.com\/wp-content\/uploads\/2025\/10\/Bong-Tai-Chuoi-Bi-Van-Dinh-Da-Trai-Tim-2544-1-1320x1320.jpg 1320w, https:\/\/quynhnhu.vanphonggroup.com\/wp-content\/uploads\/2025\/10\/Bong-Tai-Chuoi-Bi-Van-Dinh-Da-Trai-Tim-2544-1-600x600.jpg 600w, https:\/\/quynhnhu.vanphonggroup.com\/wp-content\/uploads\/2025\/10\/Bong-Tai-Chuoi-Bi-Van-Dinh-Da-Trai-Tim-2544-1-100x100.jpg 100w, https:\/\/quynhnhu.vanphonggroup.com\/wp-content\/uploads\/2025\/10\/Bong-Tai-Chuoi-Bi-Van-Dinh-Da-Trai-Tim-2544-1.jpg 1560w\" sizes=\"(max-width: 300px) 100vw, 300px\" \/><\/div>\n\t\t\t\t\t<div class=\"wc-block-grid__product-title\">B\u00f4ng Tai Chu\u00f4i Bi V\u1eb7n \u0110\u00ednh \u0110\u00e1, Tr\u00e1i Tim 2544<\/div>\n\t\t\t\t<\/a>\n\t\t\t\t<div class=\"wc-block-grid__product-price price\"><span class=\"woocommerce-Price-amount amount\">320.000&nbsp;<span class=\"woocommerce-Price-currencySymbol\">&#8363;<\/span><\/span><\/div>\n\t\t\t\t\n\t\t\t\t<div class=\"wp-block-button wc-block-grid__product-add-to-cart\"><a href=\"\/index.php\/wp-json\/wp\/v2\/pages\/95?add-to-cart=185\" aria-label=\"Th\u00eam v\u00e0o gi\u1ecf h\u00e0ng: &ldquo;B\u00f4ng Tai Chu\u00f4i Bi V\u1eb7n \u0110\u00ednh \u0110\u00e1, Tr\u00e1i Tim 2544&rdquo;\" data-quantity=\"1\" data-product_id=\"185\" data-product_sku=\"\" data-price=\"320000\" rel=\"nofollow\" class=\"wp-block-button__link  add_to_cart_button ajax_add_to_cart\">Th\u00eam v\u00e0o gi\u1ecf h\u00e0ng<\/a><\/div>\n\t\t\t<\/li><\/ul><\/div><\/div>\n<\/div>\n","protected":false},"excerpt":{"rendered":"","protected":false},"author":1,"featured_media":0,"parent":0,"menu_order":0,"comment_status":"closed","ping_status":"closed","template":"","meta":{"footnotes":""},"class_list":["post-95","page","type-page","status-publish","hentry"],"jetpack_sharing_enabled":true,"_links":{"self":[{"href":"https:\/\/quynhnhu.vanphonggroup.com\/index.php\/wp-json\/wp\/v2\/pages\/95","targetHints":{"allow":["GET"]}}],"collection":[{"href":"https:\/\/quynhnhu.vanphonggroup.com\/index.php\/wp-json\/wp\/v2\/pages"}],"about":[{"href":"https:\/\/quynhnhu.vanphonggroup.com\/index.php\/wp-json\/wp\/v2\/types\/page"}],"author":[{"embeddable":true,"href":"https:\/\/quynhnhu.vanphonggroup.com\/index.php\/wp-json\/wp\/v2\/users\/1"}],"replies":[{"embeddable":true,"href":"https:\/\/quynhnhu.vanphonggroup.com\/index.php\/wp-json\/wp\/v2\/comments?post=95"}],"version-history":[{"count":0,"href":"https:\/\/quynhnhu.vanphonggroup.com\/index.php\/wp-json\/wp\/v2\/pages\/95\/revisions"}],"wp:attachment":[{"href":"https:\/\/quynhnhu.vanphonggroup.com\/index.php\/wp-json\/wp\/v2\/media?parent=95"}],"curies":[{"name":"wp","href":"https:\/\/api.w.org\/{rel}","templated":true}]}}