{"id":193,"date":"2025-10-17T05:05:29","date_gmt":"2025-10-16T22:05:29","guid":{"rendered":"https:\/\/quynhnhu.vanphonggroup.com\/?post_type=product&#038;p=193"},"modified":"2025-10-17T05:34:56","modified_gmt":"2025-10-16T22:34:56","slug":"day-chuyen-da-thien-nhien-moc-tam-2564","status":"publish","type":"product","link":"https:\/\/quynhnhu.vanphonggroup.com\/index.php\/san-pham\/day-chuyen-da-thien-nhien-moc-tam-2564\/","title":{"rendered":"D\u00e2y chuy\u1ec1n \u0111\u00e1 thi\u00ean nhi\u00ean m\u1ed9c t\u00e2m 2564"},"content":{"rendered":"<p>K\u1ebeT QU\u1ea2 TEST QUANG PH\u1ed4 TH\u00c0NH PH\u1ea6N B\u1ea0C :<br \/>\nAnalyzer Mode : Precious Metals<br \/>\nTest Results: 59.5 sec, 0 karat<\/p>\n<p>Ag(B\u1ea1c) 95.55 %<br \/>\nZn 1.44 %<br \/>\nSn 0.273 %<br \/>\nCu 1.65 %<br \/>\nPd 1.087 %<\/p>\n","protected":false},"excerpt":{"rendered":"<p>K\u1ebeT QU\u1ea2 TEST QUANG PH\u1ed4 TH\u00c0NH PH\u1ea6N B\u1ea0C : Analyzer Mode : Precious Metals Test Results: 59.5 sec, 0 karat [&hellip;]<\/p>\n","protected":false},"featured_media":194,"comment_status":"open","ping_status":"closed","template":"","meta":[],"product_brand":[],"product_cat":[17,24],"product_tag":[],"class_list":{"0":"post-193","1":"product","2":"type-product","3":"status-publish","4":"has-post-thumbnail","6":"product_cat-chua-phan-loai","7":"product_cat-day-chuyen-da-thien-nhien","9":"first","10":"instock","11":"shipping-taxable","12":"purchasable","13":"product-type-simple"},"jetpack_sharing_enabled":true,"_links":{"self":[{"href":"https:\/\/quynhnhu.vanphonggroup.com\/index.php\/wp-json\/wp\/v2\/product\/193","targetHints":{"allow":["GET"]}}],"collection":[{"href":"https:\/\/quynhnhu.vanphonggroup.com\/index.php\/wp-json\/wp\/v2\/product"}],"about":[{"href":"https:\/\/quynhnhu.vanphonggroup.com\/index.php\/wp-json\/wp\/v2\/types\/product"}],"replies":[{"embeddable":true,"href":"https:\/\/quynhnhu.vanphonggroup.com\/index.php\/wp-json\/wp\/v2\/comments?post=193"}],"wp:featuredmedia":[{"embeddable":true,"href":"https:\/\/quynhnhu.vanphonggroup.com\/index.php\/wp-json\/wp\/v2\/media\/194"}],"wp:attachment":[{"href":"https:\/\/quynhnhu.vanphonggroup.com\/index.php\/wp-json\/wp\/v2\/media?parent=193"}],"wp:term":[{"taxonomy":"product_brand","embeddable":true,"href":"https:\/\/quynhnhu.vanphonggroup.com\/index.php\/wp-json\/wp\/v2\/product_brand?post=193"},{"taxonomy":"product_cat","embeddable":true,"href":"https:\/\/quynhnhu.vanphonggroup.com\/index.php\/wp-json\/wp\/v2\/product_cat?post=193"},{"taxonomy":"product_tag","embeddable":true,"href":"https:\/\/quynhnhu.vanphonggroup.com\/index.php\/wp-json\/wp\/v2\/product_tag?post=193"}],"curies":[{"name":"wp","href":"https:\/\/api.w.org\/{rel}","templated":true}]}}